{"id":42,"date":"2012-11-01T18:36:53","date_gmt":"2012-11-01T16:36:53","guid":{"rendered":"http:\/\/kronwall.ch\/wp\/?page_id=42"},"modified":"2015-08-07T16:51:03","modified_gmt":"2015-08-07T14:51:03","slug":"stallungen","status":"publish","type":"page","link":"http:\/\/kronwall.ch\/wp\/?page_id=42","title":{"rendered":"Stallungen"},"content":{"rendered":"<p><a href=\"http:\/\/kronwall.ch\/wp\/wp-content\/uploads\/2012\/11\/IMG_2868.jpg\"><img loading=\"lazy\" class=\"alignnone size-medium wp-image-148\" title=\"IMG_2868\" src=\"http:\/\/kronwall.ch\/wp\/wp-content\/uploads\/2012\/11\/IMG_2868-300x200.jpg\" alt=\"\" width=\"300\" height=\"200\" srcset=\"http:\/\/kronwall.ch\/wp\/wp-content\/uploads\/2012\/11\/IMG_2868-300x200.jpg 300w, http:\/\/kronwall.ch\/wp\/wp-content\/uploads\/2012\/11\/IMG_2868-1024x682.jpg 1024w\" sizes=\"(max-width: 300px) 100vw, 300px\" \/><\/a><br \/>\nLanger, breiter, gut durchl\u00fcfteter und heller\u00a0Stall mit gen\u00fcgend Anbindem\u00f6glichkeiten. Verschiedene Innen-, Fenster- und Auslaufboxen stehen zur Verf\u00fcgung.<\/p>\n<p>&nbsp;<\/p>\n","protected":false},"excerpt":{"rendered":"<p>Langer, breiter, gut durchl\u00fcfteter und heller\u00a0Stall mit gen\u00fcgend Anbindem\u00f6glichkeiten. Verschiedene Innen-, Fenster- und Auslaufboxen stehen zur Verf\u00fcgung. &nbsp;<\/p>\n","protected":false},"author":1,"featured_media":0,"parent":8,"menu_order":0,"comment_status":"closed","ping_status":"closed","template":"","meta":[],"_links":{"self":[{"href":"http:\/\/kronwall.ch\/wp\/index.php?rest_route=\/wp\/v2\/pages\/42"}],"collection":[{"href":"http:\/\/kronwall.ch\/wp\/index.php?rest_route=\/wp\/v2\/pages"}],"about":[{"href":"http:\/\/kronwall.ch\/wp\/index.php?rest_route=\/wp\/v2\/types\/page"}],"author":[{"embeddable":true,"href":"http:\/\/kronwall.ch\/wp\/index.php?rest_route=\/wp\/v2\/users\/1"}],"replies":[{"embeddable":true,"href":"http:\/\/kronwall.ch\/wp\/index.php?rest_route=%2Fwp%2Fv2%2Fcomments&post=42"}],"version-history":[{"count":8,"href":"http:\/\/kronwall.ch\/wp\/index.php?rest_route=\/wp\/v2\/pages\/42\/revisions"}],"predecessor-version":[{"id":624,"href":"http:\/\/kronwall.ch\/wp\/index.php?rest_route=\/wp\/v2\/pages\/42\/revisions\/624"}],"up":[{"embeddable":true,"href":"http:\/\/kronwall.ch\/wp\/index.php?rest_route=\/wp\/v2\/pages\/8"}],"wp:attachment":[{"href":"http:\/\/kronwall.ch\/wp\/index.php?rest_route=%2Fwp%2Fv2%2Fmedia&parent=42"}],"curies":[{"name":"wp","href":"https:\/\/api.w.org\/{rel}","templated":true}]}}