{"id":44,"date":"2012-11-01T18:37:16","date_gmt":"2012-11-01T16:37:16","guid":{"rendered":"http:\/\/kronwall.ch\/wp\/?page_id=44"},"modified":"2015-02-19T12:28:47","modified_gmt":"2015-02-19T10:28:47","slug":"restaurantreiterstubli","status":"publish","type":"page","link":"http:\/\/kronwall.ch\/wp\/?page_id=44","title":{"rendered":"Reiterst\u00fcbli"},"content":{"rendered":"<p>Gem\u00fctliches Reiterst\u00fcbli mit Kaffee- und Verpflegungsautomaten und Blick in die Reithalle.<\/p>\n<p><a href=\"http:\/\/kronwall.ch\/wp\/wp-content\/uploads\/2012\/11\/IMG_2879.jpg\"><img loading=\"lazy\" class=\"alignnone size-medium wp-image-157\" title=\"IMG_2879\" src=\"http:\/\/kronwall.ch\/wp\/wp-content\/uploads\/2012\/11\/IMG_2879-300x200.jpg\" alt=\"\" width=\"300\" height=\"200\" srcset=\"http:\/\/kronwall.ch\/wp\/wp-content\/uploads\/2012\/11\/IMG_2879-300x200.jpg 300w, http:\/\/kronwall.ch\/wp\/wp-content\/uploads\/2012\/11\/IMG_2879-1024x682.jpg 1024w\" sizes=\"(max-width: 300px) 100vw, 300px\" \/><\/a><\/p>\n","protected":false},"excerpt":{"rendered":"<p>Gem\u00fctliches Reiterst\u00fcbli mit Kaffee- und Verpflegungsautomaten und Blick in die Reithalle.<\/p>\n","protected":false},"author":1,"featured_media":0,"parent":8,"menu_order":0,"comment_status":"closed","ping_status":"closed","template":"","meta":[],"_links":{"self":[{"href":"http:\/\/kronwall.ch\/wp\/index.php?rest_route=\/wp\/v2\/pages\/44"}],"collection":[{"href":"http:\/\/kronwall.ch\/wp\/index.php?rest_route=\/wp\/v2\/pages"}],"about":[{"href":"http:\/\/kronwall.ch\/wp\/index.php?rest_route=\/wp\/v2\/types\/page"}],"author":[{"embeddable":true,"href":"http:\/\/kronwall.ch\/wp\/index.php?rest_route=\/wp\/v2\/users\/1"}],"replies":[{"embeddable":true,"href":"http:\/\/kronwall.ch\/wp\/index.php?rest_route=%2Fwp%2Fv2%2Fcomments&post=44"}],"version-history":[{"count":5,"href":"http:\/\/kronwall.ch\/wp\/index.php?rest_route=\/wp\/v2\/pages\/44\/revisions"}],"predecessor-version":[{"id":305,"href":"http:\/\/kronwall.ch\/wp\/index.php?rest_route=\/wp\/v2\/pages\/44\/revisions\/305"}],"up":[{"embeddable":true,"href":"http:\/\/kronwall.ch\/wp\/index.php?rest_route=\/wp\/v2\/pages\/8"}],"wp:attachment":[{"href":"http:\/\/kronwall.ch\/wp\/index.php?rest_route=%2Fwp%2Fv2%2Fmedia&parent=44"}],"curies":[{"name":"wp","href":"https:\/\/api.w.org\/{rel}","templated":true}]}}